{"id":497,"date":"2019-12-22T18:16:14","date_gmt":"2019-12-22T17:16:14","guid":{"rendered":"http:\/\/wohltat-ev.com\/?page_id=497"},"modified":"2022-10-24T14:39:15","modified_gmt":"2022-10-24T12:39:15","slug":"freifunk-stadt-herzogenrath","status":"publish","type":"page","link":"https:\/\/www.wohltat-ev.com\/fr\/freifunk-stadt-herzogenrath\/","title":{"rendered":"Wohltat Freifunk"},"content":{"rendered":"<header class=\"entry-header\">\n<header class=\"entry-header\">\n<h1><img loading=\"lazy\" decoding=\"async\" class=\"alignnone  wp-image-4668\" src=\"https:\/\/www.wohltat-ev.com\/wp-content\/uploads\/sites\/2\/2021\/07\/header-website_v2_mit_claim-300x57.png\" alt=\"\" width=\"695\" height=\"132\" srcset=\"https:\/\/www.wohltat-ev.com\/wp-content\/uploads\/sites\/2\/2021\/07\/header-website_v2_mit_claim-300x57.png 300w, https:\/\/www.wohltat-ev.com\/wp-content\/uploads\/sites\/2\/2021\/07\/header-website_v2_mit_claim-1024x194.png 1024w, https:\/\/www.wohltat-ev.com\/wp-content\/uploads\/sites\/2\/2021\/07\/header-website_v2_mit_claim-768x146.png 768w, https:\/\/www.wohltat-ev.com\/wp-content\/uploads\/sites\/2\/2021\/07\/header-website_v2_mit_claim.png 1254w\" sizes=\"auto, (max-width: 695px) 100vw, 695px\" \/><\/h1>\n<h1 class=\"entry-title\"><span style=\"color: #3366ff\">FREIFUNK BASISWISSEN<br \/>\n(\u00fcbernommen von freifunk-aachen.de)<\/span><\/h1>\n<\/header>\n<div class=\"entry-content\">\n<p>Hier gibt es eine kurze, nicht zu technische \u00dcbersicht \u00fcber die Funktion von Freifunk im eigenen Netzwerk.<\/p>\n<h3>Der Ist-Zustand im eigenen Netz (vereinfacht)<\/h3>\n<p>In vielen kleinen Netzwerken, Zuhause oder in der Gastronomie, arbeitet ein WLAN Router. Dieser ist via DSL, V-DSL, Kabel oder einer \u00e4hnlichen Technologie mit dem Internet verbunden. Die Seite mit der Internetanbindung nennt man WAN (<a href=\"http:\/\/de.wikipedia.org\/wiki\/Wide_Area_Network\" target=\"_blank\" rel=\"noopener noreferrer\">Wide Area Network<\/a>).<\/p>\n<p>Auf der anderen Seite des Routers befindet sich das sogenannte LAN (<a href=\"http:\/\/de.wikipedia.org\/wiki\/Local_Area_Network\" target=\"_blank\" rel=\"noopener noreferrer\">Local Area Network<\/a>). Dort ist man entweder direkt mit einem Netzwerkkabel oder \u00fcber das eigene Funknetz (WLAN) mit dem Router verbunden. Das WLAN ist im Regelfall gegen Benutzung durch Dritte verschl\u00fcsselt.<\/p>\n<figure id=\"attachment_348\" class=\"wp-caption alignnone\" aria-describedby=\"caption-attachment-348\"><a href=\"http:\/\/freifunk-aachen.de\/wp-content\/uploads\/2014\/11\/01-lokales-netz-ist-zustand1.png\"><img loading=\"lazy\" decoding=\"async\" class=\"wp-image-348 size-full\" src=\"http:\/\/freifunk-aachen.de\/wp-content\/uploads\/2014\/11\/01-lokales-netz-ist-zustand1.png\" alt=\"Lokales Netz Ist-Zustand\" width=\"703\" height=\"350\" data-id=\"348\" \/><\/a><figcaption id=\"caption-attachment-348\" class=\"wp-caption-text\">Lokales Netz Ist-Zustand<\/figcaption><\/figure>\n<h3>Freifunk-Router beschaffen<\/h3>\n<p>Die Freifunker verwenden eine Reihe ganz bestimmter\u00a0 und getesteter WLAN-Router und WLAN-Hardware. Der Preis f\u00fcr ein gutes Standardger\u00e4t startet bei ca. 20 \u20ac. Der Router mu\u00df zur Teilnahme am Freifunk mit einem neuen Betriebssystem (Freifunk Firmware) versehen werden. Die Software wird von der sehr aktiven Freifunk-Gemeinde stetig entwickelt und gepflegt. Man kann die Software selber aufspielen (flashen).\u00a0 Alternativ bringt man einen der\u00a0<a title=\"Empfohlene Hardware\" href=\"http:\/\/freifunk-aachen.de\/empfohlene-hardware\/\">empfohlenen Router<\/a>\u00a0zu einem der Treffen mit und erh\u00e4lt die notwendige Hilfestellung beim Aufspielen der Freifunk-Firmware.<\/p>\n<p>Am zuk\u00fcnftigen Standort angekommen sind nur noch zwei Dinge zu tun. Die (meistens blaue) WAN-Buchse des Freifunk-Routers muss mittels des beiliegenden Netzwerkkabels mit einer (meistens gelben) LAN-Buchse des bereits vorhandenen Routers verbunden werden. Der Freifunk-Router wird dann noch mit dem beiliegenden Netzteil mit dem Strom verbunden und eingeschaltet. Es dauert ca. 1 bis 2 Minuten bis der Router gestartet ist. Fertig!<\/p>\n<figure id=\"attachment_347\" class=\"wp-caption alignnone\" aria-describedby=\"caption-attachment-347\"><a href=\"http:\/\/freifunk-aachen.de\/wp-content\/uploads\/2014\/11\/02-freifunk-router-angeschlossen1.png\"><img loading=\"lazy\" decoding=\"async\" class=\"size-full wp-image-347\" src=\"http:\/\/freifunk-aachen.de\/wp-content\/uploads\/2014\/11\/02-freifunk-router-angeschlossen1.png\" alt=\"Mit angeschlossenem Freifunk-Knoten\" width=\"701\" height=\"460\" data-id=\"347\" \/><\/a><figcaption id=\"caption-attachment-347\" class=\"wp-caption-text\">Mit angeschlossenem Freifunk-Knoten<\/figcaption><\/figure>\n<h3>Wie funktioniert das dann?<\/h3>\n<p>Der Freifunk Router ist durch eine integrierte Firewall vom eigenen, privaten Netzwerk getrennt. Es ist nicht m\u00f6glich vom Freifunk-Router eine Verbindung in das private lokale Netzwerk aufzubauen. Die einzig m\u00f6gliche Verbindung ist der Aufbau eines sogenannten\u00a0<a href=\"http:\/\/de.wikipedia.org\/wiki\/Virtual_Private_Network\" target=\"_blank\" rel=\"noopener noreferrer\">VPN Tunnels<\/a>\u00a0zu unseren Freifunk-Servern.<\/p>\n<p>Die gesamte Kommunikation des Freifunk-Routers l\u00e4uft durch diesen Tunnel. Auch die Zuweisung einer Netzwerk-Adresse (<a href=\"http:\/\/de.wikipedia.org\/wiki\/IP-Adresse\" target=\"_blank\" rel=\"noopener noreferrer\">IP<\/a>) durch einen unserer Server erfolgt durch diesen Tunnel. Dadurch erhalten Freifunk-Gastnutzer eine IP-Adresse die dem Freifunk Rheinland e. V. zugeordnet ist und nichts mit dem eigenen, privaten Internetzugang zu tun hat. Der eigentliche Internetzugang wird\u00a0 ausschlie\u00dflich von den Freifunk-Servern zur Verf\u00fcgung gestellt.<\/p>\n<p>Bricht aus irgendeinem Grund die Tunnelverbindung zusammen (z. B. weil die Freifunk-Server nicht erreichbar sind), dann kommt am Freifunk-Router keinerlei Verbindung zustande. D. h. im Fehlerfall kann\u00a0<strong>keine<\/strong>\u00a0Kommunikation eines Freifunk-Gastes \u00fcber den eigenen, privaten Router erfolgen. Entweder l\u00e4uft der Datenverkehr \u00fcber die Freifunk-Server oder es funktioniert gar nichts. Im eigenen Netz \u00e4ndert sich nichts und es sind keine Ver\u00e4nderungen bemerkbar.<\/p>\n<figure id=\"attachment_359\" class=\"wp-caption alignnone\" aria-describedby=\"caption-attachment-359\"><a href=\"http:\/\/freifunk-aachen.de\/wp-content\/uploads\/2014\/11\/03-freiffunk-router-mit-gaesten2.png\"><img loading=\"lazy\" decoding=\"async\" class=\"size-full wp-image-359\" src=\"http:\/\/freifunk-aachen.de\/wp-content\/uploads\/2014\/11\/03-freiffunk-router-mit-gaesten2.png\" alt=\"Freifunk Router mit G\u00e4sten\" width=\"1292\" height=\"900\" data-id=\"359\" \/><\/a><figcaption id=\"caption-attachment-359\" class=\"wp-caption-text\">Freifunk Router mit G\u00e4sten<\/figcaption><\/figure>\n<p><em>Netzwerkdiagramme: CC-BY 3.0 Felix Bosseler<\/em><\/p>\n<\/div>\n<h1 class=\"entry-title\">DIE IDEE UNTERST\u00dcTZEN<\/h1>\n<\/header>\n<div class=\"entry-content\">\n<p>Auch wenn wir unsere Arbeit rein ehrenamtlich und unentgeltlich verrichten, reicht es nicht. Es m\u00fcssen Router, Antennen, Kabel, und noch vieles mehr beschafft werden um ein m\u00f6glichst gro\u00dfes Freifunknetz aufzubauen. Vor allem die leistungsf\u00e4hige und hochverf\u00fcgbare Serverinfrastruktur in D\u00fcsseldorf, Frankfurt, Berlin (Exit-Nodes) und diversen Dom\u00e4nen (Supernodes) verursacht Kosten. Daher sind wir auf Spenden von Privatpersonen und Unternehmen angewiesen.<\/p>\n<p>Es gibt viele M\u00f6glichkeiten die Verbreitung freier Netzwerke zu unterst\u00fctzen. Beispielsweise: Sie unterst\u00fctzen das Projekt fallweise in der lokalen Community. Teilen Sie Ihren Internetzugang. Stellen Sie einen oder mehrere Freifunk-Router auf.\u00a0 Gr\u00fcnden Sie mit anderen selber eine Community in Ihrer Stadt oder Gemeinde. Sprechen Sie mit anderen Menschen \u00fcber Freifunk. Verbreiten Sie die Idee.<\/p>\n<h3>Mitglied werden<\/h3>\n<p>Sie werden Mitglied\u00a0<strong>F\u00f6rdervereinigung f\u00fcr freie Netzwerke in der Region Aachen e.V.<\/strong>\u00a0<b>\u00a0<\/b>und unterst\u00fctzen den Verein mit Ihrem Mitgliedsbeitrag in H\u00f6he von 5 \u20ac pro Monat. Ein reduzierter Beitrag in H\u00f6he 1 \u20ac pro Monat ist auf Antrag m\u00f6glich. F\u00f6rdermitglieder k\u00f6nnen ihren Beitrag ab 60\u20ac im Jahr selbst festlegen. Den Mitgliedsantrag gibt es\u00a0<a href=\"https:\/\/gitlab.com\/f3n\/vorstand\/organisation\/raw\/master\/Dokumente\/Formulare\/Mitgliedsantrag_F3N.pdf?inline=false\" target=\"_blank\" rel=\"noopener noreferrer\">hier<\/a>\u00a0als PDF Datei.<\/p>\n<p>Wer Freifunk \u00fcberregional unterst\u00fctzen m\u00f6chte wird Mitglied im gemeinn\u00fctzigen\u00a0<strong>Freifunk Rheinland e.V.<\/strong>, dies ist\u00a0<a href=\"https:\/\/www.freifunk-rheinland.net\/mitglied-werden\/\">online m\u00f6glich.<\/a><\/p>\n<h3>Spenden per \u00dcberweisung<\/h3>\n<p>Kontoinhaber: Freifunk Rheinland e. V.<br \/>\nKontonummer: 4044542600<br \/>\nBankleitzahl: 43060967<br \/>\nIBAN: DE16430609674044542600<br \/>\nBIC: GENODEM1GLS<br \/>\nVerwendungszweck: Spende \u2013<\/p>\n<div class=\"ngg-gallery-singlepic-image ngg-left\"><a class=\"ngg-fancybox\" title=\"QR-Code Spende per Banking-App f\u00fcr Freifunk Rheinland\" href=\"https:\/\/freifunk-aachen.de\/wp-content\/gallery\/bilder-fuer-seiten\/qr-code-spende-freifunk-rheinland-1.png\" target=\"_self\" rel=\"5712c8ee424aa63a2ca342fc8b09f19f noopener noreferrer\" data-src=\"https:\/\/freifunk-aachen.de\/wp-content\/gallery\/bilder-fuer-seiten\/qr-code-spende-freifunk-rheinland-1.png\" data-thumbnail=\"https:\/\/freifunk-aachen.de\/wp-content\/gallery\/bilder-fuer-seiten\/thumbs\/thumbs_qr-code-spende-freifunk-rheinland-1.png\" data-image-id=\"34\" data-title=\"QR-Code Spende per Banking-App\" data-description=\"QR-Code Spende per Banking-App f\u00fcr Freifunk Rheinland\"><img decoding=\"async\" class=\"ngg-singlepic\" title=\"QR-Code Spende per Banking-App\" src=\"https:\/\/freifunk-aachen.de\/wp-content\/gallery\/bilder-fuer-seiten\/cache\/qr-code-spende-freifunk-rheinland-1.png-nggid0234-ngg0dyn-75x75x90-00f0w010c010r110f110r010t010.png\" alt=\"QR-Code Spende per Banking-App\" width=\"75\" \/><\/a><\/div>\n<p>Wenn Ihre Banking-Software dies unterst\u00fctzt, dann k\u00f6nnen Sie\u00a0mit diesem Link\u00a0automatisch das \u00dcberweisungsformular vorausf\u00fcllen. Diese Daten k\u00f6nnen Sie auch als QR-Code fotografieren, um diese an Ihre Mobile-Banking-App durchzureichen (<a href=\"http:\/\/freifunk-aachen.de\/wp-content\/gallery\/bilder-fuer-seiten\/qr-code-spende-freifunk-rheinland-1.png\">Klick\u00a0<\/a>f\u00fcr Vollbild).<\/p>\n<h3>Spenden via betterplace.org<\/h3>\n<p>betterplace.org ist Deutschlands gr\u00f6\u00dfte Spendenplattform f\u00fcr gemeinn\u00fctzige Vereine und Projekte.\u00a0<a href=\"https:\/\/www.betterplace.org\/de\/organisations\/freifunk-rheinland\/projects\" target=\"_blank\" rel=\"noopener noreferrer\">Wir stellen dort regelm\u00e4\u00dfig unsere Bedarfe f\u00fcr Projekte ein<\/a>. Betterplace gibt alle Spenden zu 100% an uns weiter und \u00fcbernimmt den Versand von Spendenbescheinigungen.<\/p>\n<p>Unterst\u00fctzt werden folgende Zahlungsarten:<\/p>\n<ul>\n<li>Bankeinzug<\/li>\n<li>Kreditkarte<\/li>\n<li>PayPal<\/li>\n<li>giropay<\/li>\n<\/ul>\n<h3>Beim Einkauf via boost-project.org spenden<\/h3>\n<p>Ganz normal online einkaufen und dem Freifunk eine Provision sichern ohne einen Cent mehr zu bezahlen. Das macht boost-project.com m\u00f6glich. Ein deutsches Start-Up in Form einer gemeinn\u00fctzigen GmbH. \u00dcber 500 Onlineshops von A wie Amazon bis Z wie Zalando sind Partner dieser Plattform. Die Provisionen gehen zu 90% direkt an uns.<\/p>\n<p>Vor jedem online Einkauf\u00a0<a href=\"https:\/\/www.boost-project.com\/de\/shops?charity_id=2774&amp;tag=bl\" target=\"_blank\" rel=\"noopener noreferrer\">diesen Link besuchen und bequem losshoppen<\/a>, ganz ohne Anmeldung.<\/p>\n<h3>Mit Bitcoin und andere Cryptow\u00e4hrungen spenden<\/h3>\n<p>Auch mit Internet-Zahlungsmitteln wie\u00a0<a href=\"http:\/\/de.bitcoin.it\/wiki\/Hauptseite\" target=\"_blank\" rel=\"noopener noreferrer\">Bitcoin\u00a0<\/a>ist es m\u00f6glich\u00a0<a href=\"https:\/\/shapeshift.io\/shifty.html?destination=12YnJY2GHdyCw3LDsUiq39AXkDaM158EiD&amp;amount=\" target=\"_blank\" rel=\"noopener noreferrer\">uns Spenden zukommen zu lassen<\/a>. Andere Cryptow\u00e4hrungen wie Dogecoin oder Litecoin k\u00f6nnen durch den Service\u00a0<a href=\"https:\/\/shapeshift.io\/\" target=\"_blank\" rel=\"noopener noreferrer\">Shapeshift.io<\/a>\u00a0in Bitcoin umgewandelt werden.<\/p>\n<h3>Hardware spenden<\/h3>\n<p>Durch\u00a0<strong>Spenden selbst erworbener Hardware<\/strong>. Die Hardware darf dabei nicht \u00e4lter als zwei Wochen sein, der Original-Kauf-Beleg und der \u00dcbergabebeleg muss uns ausgeh\u00e4ndigt werden. Auf Wunsch kann eine Zuwendungsbest\u00e4tigung angefordert werden.<\/p>\n<p>Das\u00a0<a href=\"http:\/\/freifunk-aachen.de\/wp-content\/uploads\/2014\/11\/Hardware_Spende_Anlage.doc\" target=\"_blank\" rel=\"noopener noreferrer\">\u00dcbergabeformluar\u00a0<\/a>muss vollst\u00e4ndig ausgef\u00fcllt beigef\u00fcgt werden. Es l\u00e4sst sich mit Microsoft Word ab Version 2003 und mit dem kostenfreien\u00a0<a href=\"https:\/\/www.libreoffice.org\/\" target=\"_blank\" rel=\"noopener noreferrer\">Open Office Writer \/ LibreOffice Writer<\/a>\u00a0\u00f6ffnen und bearbeiten.<\/p>\n<h3>Zuwendungsbescheinigung (Spendenquittung)<\/h3>\n<p>Der Freifunk Rheinland ist gem\u00e4\u00df \u00a725 Abgabenordnung der Bundesrepublik Deutschland berechtigt Zuwendungsbescheinigungen zu erstellen. Bei Spenden bis 200 EUR reicht f\u00fcr Sie zur Geltendmachung beim Finanzamt der eigene Kontoauszug. Ansonsten kann eine Zuwendungsbest\u00e4tigung unter Angabe von Vorname, Name, Stra\u00dfe, Ort, H\u00f6he der Spende und Datum der \u00dcberweisung unter kontakt{\u00e4t}freifunk-rheinland.net angefordert werden.<\/p>\n<p><em>QR-Code Idee und ein paar Zeilen haben wir von\u00a0freifunk-duisburg.de<\/em><\/p>\n<p>Wohltat e. V. lieh diese Info bei Freifunk Aachen. Wir unterst\u00fctzen diese Idee aus voller \u00dcberzeugung!<\/p>\n<p><span style=\"color: #339966\"><strong>\u00a0<\/strong><\/span><\/p>\n<\/div>\n","protected":false},"excerpt":{"rendered":"<p>FREIFUNK BASISWISSEN (\u00fcbernommen von freifunk-aachen.de) Hier gibt es eine kurze, nicht zu technische \u00dcbersicht \u00fcber die Funktion von Freifunk im eigenen Netzwerk. Der Ist-Zustand im eigenen Netz (vereinfacht) In vielen kleinen Netzwerken, Zuhause oder in der Gastronomie, arbeitet ein WLAN Router. Dieser ist via DSL, V-DSL, Kabel oder einer \u00e4hnlichen Technologie mit dem Internet verbunden. [&hellip;]<\/p>\n","protected":false},"author":1,"featured_media":0,"parent":0,"menu_order":0,"comment_status":"closed","ping_status":"closed","template":"","meta":{"_uag_custom_page_level_css":"","site-sidebar-layout":"default","site-content-layout":"default","ast-site-content-layout":"default","site-content-style":"default","site-sidebar-style":"default","ast-global-header-display":"","ast-banner-title-visibility":"","ast-main-header-display":"","ast-hfb-above-header-display":"","ast-hfb-below-header-display":"","ast-hfb-mobile-header-display":"","site-post-title":"","ast-breadcrumbs-content":"","ast-featured-img":"","footer-sml-layout":"","ast-disable-related-posts":"","theme-transparent-header-meta":"default","adv-header-id-meta":"","stick-header-meta":"default","header-above-stick-meta":"","header-main-stick-meta":"","header-below-stick-meta":"","astra-migrate-meta-layouts":"default","ast-page-background-enabled":"default","ast-page-background-meta":{"desktop":{"background-color":"","background-image":"","background-repeat":"repeat","background-position":"center center","background-size":"auto","background-attachment":"scroll","background-type":"","background-media":"","overlay-type":"","overlay-color":"","overlay-opacity":"","overlay-gradient":""},"tablet":{"background-color":"","background-image":"","background-repeat":"repeat","background-position":"center center","background-size":"auto","background-attachment":"scroll","background-type":"","background-media":"","overlay-type":"","overlay-color":"","overlay-opacity":"","overlay-gradient":""},"mobile":{"background-color":"","background-image":"","background-repeat":"repeat","background-position":"center center","background-size":"auto","background-attachment":"scroll","background-type":"","background-media":"","overlay-type":"","overlay-color":"","overlay-opacity":"","overlay-gradient":""}},"ast-content-background-meta":{"desktop":{"background-color":"var(--ast-global-color-5)","background-image":"","background-repeat":"repeat","background-position":"center center","background-size":"auto","background-attachment":"scroll","background-type":"","background-media":"","overlay-type":"","overlay-color":"","overlay-opacity":"","overlay-gradient":""},"tablet":{"background-color":"var(--ast-global-color-5)","background-image":"","background-repeat":"repeat","background-position":"center center","background-size":"auto","background-attachment":"scroll","background-type":"","background-media":"","overlay-type":"","overlay-color":"","overlay-opacity":"","overlay-gradient":""},"mobile":{"background-color":"var(--ast-global-color-5)","background-image":"","background-repeat":"repeat","background-position":"center center","background-size":"auto","background-attachment":"scroll","background-type":"","background-media":"","overlay-type":"","overlay-color":"","overlay-opacity":"","overlay-gradient":""}},"_price":"","_stock":"","_tribe_ticket_header":"","_tribe_default_ticket_provider":"","_tribe_ticket_capacity":"0","_ticket_start_date":"","_ticket_end_date":"","_tribe_ticket_show_description":"","_tribe_ticket_show_not_going":false,"_tribe_ticket_use_global_stock":"","_tribe_ticket_global_stock_level":"","_global_stock_mode":"","_global_stock_cap":"","_tribe_rsvp_for_event":"","_tribe_ticket_going_count":"","_tribe_ticket_not_going_count":"","_tribe_tickets_list":"[]","_tribe_ticket_has_attendee_info_fields":false,"footnotes":"","_links_to":"","_links_to_target":""},"class_list":["post-497","page","type-page","status-publish","hentry"],"translation":{"provider":"WPGlobus","version":"3.0.2","language":"fr","enabled_languages":["de","en","nl","fr"],"languages":{"de":{"title":true,"content":true,"excerpt":false},"en":{"title":false,"content":false,"excerpt":false},"nl":{"title":false,"content":false,"excerpt":false},"fr":{"title":false,"content":false,"excerpt":false}}},"uagb_featured_image_src":{"full":false,"thumbnail":false,"medium":false,"medium_large":false,"large":false,"1536x1536":false,"2048x2048":false,"sow-carousel-default":false},"uagb_author_info":{"display_name":"-TG-","author_link":"https:\/\/www.wohltat-ev.com\/fr\/author\/tg\/"},"uagb_comment_info":0,"uagb_excerpt":"FREIFUNK BASISWISSEN (\u00fcbernommen von freifunk-aachen.de) Hier gibt es eine kurze, nicht zu technische \u00dcbersicht \u00fcber die Funktion von Freifunk im eigenen Netzwerk. Der Ist-Zustand im eigenen Netz (vereinfacht) In vielen kleinen Netzwerken, Zuhause oder in der Gastronomie, arbeitet ein WLAN Router. Dieser ist via DSL, V-DSL, Kabel oder einer \u00e4hnlichen Technologie mit dem Internet verbunden.&hellip;","_links":{"self":[{"href":"https:\/\/www.wohltat-ev.com\/fr\/wp-json\/wp\/v2\/pages\/497","targetHints":{"allow":["GET"]}}],"collection":[{"href":"https:\/\/www.wohltat-ev.com\/fr\/wp-json\/wp\/v2\/pages"}],"about":[{"href":"https:\/\/www.wohltat-ev.com\/fr\/wp-json\/wp\/v2\/types\/page"}],"author":[{"embeddable":true,"href":"https:\/\/www.wohltat-ev.com\/fr\/wp-json\/wp\/v2\/users\/1"}],"replies":[{"embeddable":true,"href":"https:\/\/www.wohltat-ev.com\/fr\/wp-json\/wp\/v2\/comments?post=497"}],"version-history":[{"count":6,"href":"https:\/\/www.wohltat-ev.com\/fr\/wp-json\/wp\/v2\/pages\/497\/revisions"}],"predecessor-version":[{"id":4830,"href":"https:\/\/www.wohltat-ev.com\/fr\/wp-json\/wp\/v2\/pages\/497\/revisions\/4830"}],"wp:attachment":[{"href":"https:\/\/www.wohltat-ev.com\/fr\/wp-json\/wp\/v2\/media?parent=497"}],"curies":[{"name":"wp","href":"https:\/\/api.w.org\/{rel}","templated":true}]}}